{"id":9,"date":"2018-10-20T22:27:27","date_gmt":"2018-10-20T22:27:27","guid":{"rendered":"http:\/\/erdalyigit.av.tr\/?page_id=9"},"modified":"2018-10-20T22:27:27","modified_gmt":"2018-10-20T22:27:27","slug":"hakkimizda","status":"publish","type":"page","link":"http:\/\/www.erdalyigit.av.tr\/index.php\/hakkimizda\/","title":{"rendered":"Hakk\u0131m\u0131zda"},"content":{"rendered":"<p>Kendini ve i\u015flerini tan\u0131tmak isteyen bir sanat\u00e7\u0131 olabilece\u011finiz gibi misyonunu a\u00e7\u0131klamak isteyen bir firma da olabilirsiniz.<\/p>\n","protected":false},"excerpt":{"rendered":"<p>Kendini ve i\u015flerini tan\u0131tmak isteyen bir sanat\u00e7\u0131 olabilece\u011finiz gibi misyonunu a\u00e7\u0131klamak isteyen bir firma da olabilirsiniz.<\/p>\n","protected":false},"author":1,"featured_media":6,"parent":0,"menu_order":0,"comment_status":"closed","ping_status":"closed","template":"","meta":{"footnotes":""},"class_list":["post-9","page","type-page","status-publish","has-post-thumbnail","hentry"],"_links":{"self":[{"href":"http:\/\/www.erdalyigit.av.tr\/index.php\/wp-json\/wp\/v2\/pages\/9"}],"collection":[{"href":"http:\/\/www.erdalyigit.av.tr\/index.php\/wp-json\/wp\/v2\/pages"}],"about":[{"href":"http:\/\/www.erdalyigit.av.tr\/index.php\/wp-json\/wp\/v2\/types\/page"}],"author":[{"embeddable":true,"href":"http:\/\/www.erdalyigit.av.tr\/index.php\/wp-json\/wp\/v2\/users\/1"}],"replies":[{"embeddable":true,"href":"http:\/\/www.erdalyigit.av.tr\/index.php\/wp-json\/wp\/v2\/comments?post=9"}],"version-history":[{"count":1,"href":"http:\/\/www.erdalyigit.av.tr\/index.php\/wp-json\/wp\/v2\/pages\/9\/revisions"}],"predecessor-version":[{"id":15,"href":"http:\/\/www.erdalyigit.av.tr\/index.php\/wp-json\/wp\/v2\/pages\/9\/revisions\/15"}],"wp:featuredmedia":[{"embeddable":true,"href":"http:\/\/www.erdalyigit.av.tr\/index.php\/wp-json\/wp\/v2\/media\/6"}],"wp:attachment":[{"href":"http:\/\/www.erdalyigit.av.tr\/index.php\/wp-json\/wp\/v2\/media?parent=9"}],"curies":[{"name":"wp","href":"https:\/\/api.w.org\/{rel}","templated":true}]}}